{"id":721,"date":"2023-12-06T13:37:56","date_gmt":"2023-12-06T13:37:56","guid":{"rendered":"https:\/\/www.yrityslahjakortti.com\/?page_id=721"},"modified":"2025-10-27T14:12:48","modified_gmt":"2025-10-27T14:12:48","slug":"721-2","status":"publish","type":"page","link":"https:\/\/www.yrityslahjakortti.com\/lahjakortin-verotus\/","title":{"rendered":"Lahjakortin verotus"},"content":{"rendered":"<p><div class=\"et_d4_element et_pb_section et_pb_section_0  et_pb_css_mix_blend_mode et_section_regular et_block_section\" >\n\t\t\t\t\n\t\t\t\t\n\t\t\t\t\n\t\t\t\t\n\t\t\t\t\n\t\t\t\t\n\t\t\t\t<div class=\"et_d4_element et_pb_row et_pb_row_0  et_pb_css_mix_blend_mode et_block_row\">\n\t\t\t\t<div class=\"et_d4_element et_pb_column_4_4 et_pb_column et_pb_column_0  et_pb_css_mix_blend_mode et-last-child et_block_column\">\n\t\t\t\t\n\t\t\t\t\n\t\t\t\t\n\t\t\t\t\n\t\t\t\t<div class=\"et_pb_module et_d4_element et_pb_text et_pb_text_0  et_pb_text_align_left et_pb_bg_layout_light\">\n\t\t\t\t\n\t\t\t\t\n\t\t\t\t\n\t\t\t\t\n\t\t\t\t<div class=\"et_pb_text_inner\"><h1>Lahjakortin verotus<\/h1>\n<p><span style=\"color: #000000;\">Ty\u00f6nantajan antama <a href=\"https:\/\/www.yrityslahjakortti.com\/\">lahjakortti ty\u00f6ntekij\u00e4lle<\/a> on verovapaa, kun lahjakortit annetaan kollektiivisesti koko henkil\u00f6kunnalle. Lahjakortti saa enint\u00e4\u00e4n olla 100 euron arvoinen (sis. arvonlis\u00e4veron), jolloin verottaja katsoo lahjan arvon v\u00e4h\u00e4iseksi ja hyv\u00e4ksyy sen verovapaaksi. Lahjakortin pit\u00e4\u00e4 olla henkil\u00f6kohtainen, sama ja saman arvoinen koko henkil\u00f6kunnalle. Lahjakortin valikoima pit\u00e4\u00e4 olla rajattu tiettyihin tuotteisiin tai palveluihin. Lahjakortin pit\u00e4\u00e4 olla ty\u00f6nantajan valitsema ja sen pit\u00e4\u00e4 olla yksil\u00f6ity, eik\u00e4 sit\u00e4 pystyt\u00e4 muuttamaan rahaksi. Yksil\u00f6ity lahjakortti tarkoittaa, ett\u00e4 ty\u00f6nantaja on selke\u00e4sti rajannut lahjavalikoiman, jota lahjan saaja voi lahjakortilla voi hankkia.\u00a0<\/span><\/p>\n<p><span style=\"color: #000000;\">Alla vero.fi-sivustolta tietoa lahjakortin verotuksesta:<\/span><\/p>\n<blockquote>\n<p><span style=\"color: #000000;\"><em>\"Ty\u00f6nantajan ty\u00f6ntekij\u00f6illeen joululahjaksi antamat lahjakortit ovat verovapaita, kun seuraavat edellytykset t\u00e4yttyv\u00e4t:<\/em><\/span><\/p>\n<ol>\n<li><span style=\"color: #000000;\"><em>Lahja annetaan koko henkil\u00f6kunnalle.<\/em><\/span><\/li>\n<li><span style=\"color: #000000;\"><em>Lahjakortin arvo on enint\u00e4\u00e4n 100 euroa.<\/em><\/span><\/li>\n<li><span style=\"color: #000000;\"><em>Lahjakortti on henkil\u00f6kohtainen eli nimetylle ty\u00f6ntekij\u00e4lle annettu.<\/em><\/span><\/li>\n<li><span style=\"color: #000000;\"><em>Ty\u00f6nantaja on rajannut lahjakortin k\u00e4ytt\u00f6kohteen tietyst\u00e4 paikasta hankittavaan esineeseen tai palveluun eik\u00e4 lahjakortilla voi hankkia muuta. Lahjakortti voi oikeuttaa valitsemaan tuotteen tai palvelun useiden samanlaisten tuotteiden tai palveluiden joukosta taikka tuotteen tai palvelun useiden erilaisten tuotteiden tai palveluiden joukosta.<\/em><\/span><\/li>\n<li><span style=\"color: #000000;\"><em>Lahjakorttia ei voi muuttaa rahaksi.<\/em><\/span><\/li>\n<\/ol>\n<p><span style=\"color: #000000;\"><em>Lahjakorttia voidaan pit\u00e4\u00e4 yksil\u00f6ityn\u00e4 silloin, kun ty\u00f6nantaja on valinnut tietyn yrityksen tai palveluntarjoajan tuotteen, tuotteet, tuoteryhm\u00e4n tai palvelun, johon lahjakorttia voi k\u00e4ytt\u00e4\u00e4. Yksil\u00f6im\u00e4t\u00f6n lahjakortti puolestaan on tyypillisesti lahjakortti jonkin tietyn liikkeen tai tavaratalon koko valikoimaan. T\u00e4llainen yksil\u00f6im\u00e4t\u00f6n lahjakortti on ty\u00f6ntekij\u00e4n palkkaa, koska ty\u00f6ntekij\u00e4 p\u00e4\u00e4tt\u00e4\u00e4 ty\u00f6nantajan sijaan, mit\u00e4 h\u00e4n hankkii lahjakortilla.\" Lue lis\u00e4\u00e4 verottajan sivuilta: <a href=\"https:\/\/www.vero.fi\/syventavat-vero-ohjeet\/ohje-hakusivu\/62486\/henkil%C3%B6kuntaedut-verotuksessa6\/#3.4-lahjat\" target=\"_blank\" rel=\"noopener\">henkil\u00f6kuntaedut verotuksessa<\/a>.<\/em><\/span><\/p>\n<p><span style=\"color: #000000;\"><em><\/em><\/span><\/p>\n<p><span style=\"color: #000000;\"><em><\/em><\/span><\/p>\n<\/blockquote>\n<p><span style=\"color: #000000;\">Verottajan mukaan ty\u00f6nantaja voi antaa ty\u00f6ntekij\u00e4lle lahjoja vuodessa enint\u00e4\u00e4n 100 euron arvosta, jolloin lahjat ovat ty\u00f6ntekij\u00e4lle verovapaita. Jos ty\u00f6nantajalla on tapana antaa henkil\u00f6kunnalle lahjoja useana kertana vuodessa, esimerkiksi jouluna joululahjoja sek\u00e4 kes\u00e4n l\u00e4hestyess\u00e4 kes\u00e4lahjoja, niin siin\u00e4 tapauksessa yksitt\u00e4isen lahjan arvo olisi hyv\u00e4 olla enint\u00e4\u00e4n 50 euroa. N\u00e4in koko vuoden aikana annettujen lahjojen kokonaisarvo ei ylit\u00e4 100 euroa. Mik\u00e4li ty\u00f6nantaja antaa vain kerran vuodessa lahjan henkil\u00f6st\u00f6lle, niin silloin lahjan arvo saa olla 100 euroa.<\/span><\/p>\n<p><span style=\"color: #000000;\">Teid\u00e4n kannattaa kysy\u00e4 omalta kirjanpit\u00e4j\u00e4lt\u00e4 lahjakortin verotukseen liittyv\u00e4t kysymykset sek\u00e4 lukea verottajan verkkosivut. Heilt\u00e4 saat parhaan tiedon. Oli sitten kyseess\u00e4 ty\u00f6ntekij\u00e4n palkitseminen, henkil\u00f6st\u00f6lahja, merkkip\u00e4iv\u00e4lahja, lahjakortti asiakkaalle, yhteisty\u00f6kumppanille tai palkinnoksi. Meid\u00e4n lahjakorttivalikoimasta l\u00f6yd\u00e4t useita eri hintaisia vaihtoehtoja. T\u00e4m\u00e4n lis\u00e4ksi tiettyjen lahjakorttien valikoima voidaan rajata toiveesi mukaisesti, jotta saadaan verottaja tyytyv\u00e4iseksi. Esitelk\u00e4\u00e4 kirjanpit\u00e4j\u00e4lle lahjakorttien demokauppoja testitunnusten avulla, niin he n\u00e4kev\u00e4t lahjavalikoimaa. Kysy lis\u00e4tietoja \u2013 autamme parhaamme mukaan.<\/span><span style=\"color: #000000;\"><\/span><\/p>\n<p><strong><span style=\"color: #000000;\">Meid\u00e4n valikoimasta l\u00f6yd\u00e4t useita lahjakortteja, jotka ovat arvoltaan alle 100 euroa ja t\u00e4ytt\u00e4v\u00e4t verottajan vaatimukset verovapaudesta. Tutustu tarkemmin lahjakortteihin:\u00a0<\/span><\/strong><\/p>\n<ul>\n<li><a href=\"https:\/\/www.yrityslahjakortti.com\/joyful-lahjakortti\/\">Joyful lahjakortti<\/a><\/li>\n<li><a href=\"https:\/\/www.yrityslahjakortti.com\/vinga-lahjakortti\/\">Vinga \/ Veya lahjakortti<\/a><\/li>\n<\/ul>\n<blockquote><\/blockquote>\n<p>&nbsp;<\/p><\/div>\n\t\t\t<\/div>\n\t\t\t<\/div>\n\t\t\t\t\n\t\t\t\t\n\t\t\t\t\n\t\t\t\t\n\t\t\t<\/div>\n\t\t\t\t\n\t\t\t\t\n\t\t\t<\/div><div class=\"et_d4_element et_pb_section et_pb_section_2 et_pb_with_background  et_pb_css_mix_blend_mode et_section_regular et_block_section\" >\n\t\t\t\t\n\t\t\t\t\n\t\t\t\t\n\t\t\t\t\n\t\t\t\t\n\t\t\t\t\n\t\t\t\t<div class=\"et_d4_element et_pb_row et_pb_row_1  et_pb_css_mix_blend_mode et_block_row\">\n\t\t\t\t<div class=\"et_d4_element et_pb_column_1_4 et_pb_column et_pb_column_1  et_pb_css_mix_blend_mode et_block_column\">\n\t\t\t\t\n\t\t\t\t\n\t\t\t\t\n\t\t\t\t\n\t\t\t\t<div class=\"et_pb_module et_d4_element et_pb_image et_pb_image_0\">\n\t\t\t\t\n\t\t\t\t\n\t\t\t\t\n\t\t\t\t\n\t\t\t\t<span class=\"et_pb_image_wrap \"><img loading=\"lazy\" decoding=\"async\" width=\"247\" height=\"83\" src=\"https:\/\/yrityslahjakortti.com\/wp-content\/uploads\/2021\/09\/yrityslahjakortti-logo-valkoinen.png\" alt=\"yrityslahjakortti logo valkoinen\" title=\"\" class=\"wp-image-41\" \/><\/span>\n\t\t\t<\/div><div class=\"et_pb_module et_d4_element et_pb_text et_pb_text_1  et_pb_text_align_left et_pb_bg_layout_light\">\n\t\t\t\t\n\t\t\t\t\n\t\t\t\t\n\t\t\t\t\n\t\t\t\t<div class=\"et_pb_text_inner\"><ul>\n<li><a href=\"https:\/\/www.yrityslahjakortti.com\/\">Yrityslahjakortti<\/a><\/li>\n<li><a href=\"https:\/\/www.yrityslahjakortti.com\/joyful-lahjakortti\/\">Joyful lahjakortti<\/a><\/li>\n<li><a href=\"https:\/\/www.yrityslahjakortti.com\/vinga-lahjakortti\/\">Vinga \/ Veya lahjakortti<\/a><\/li>\n<\/ul><\/div>\n\t\t\t<\/div>\n\t\t\t<\/div><div class=\"et_d4_element et_pb_column_1_4 et_pb_column et_pb_column_2  et_pb_css_mix_blend_mode et_block_column\">\n\t\t\t\t\n\t\t\t\t\n\t\t\t\t\n\t\t\t\t\n\t\t\t\t<div class=\"et_pb_module et_d4_element et_pb_text et_pb_text_2  et_pb_text_align_left et_pb_bg_layout_dark\">\n\t\t\t\t\n\t\t\t\t\n\t\t\t\t\n\t\t\t\t\n\t\t\t\t<div class=\"et_pb_text_inner\"><p><strong>Osoite<\/strong><\/p>\n<p>Mets\u00e4nneidonkuja 6<\/p>\n<p>02130 Espoo<\/p><\/div>\n\t\t\t<\/div>\n\t\t\t<\/div><div class=\"et_d4_element et_pb_column_1_4 et_pb_column et_pb_column_3  et_pb_css_mix_blend_mode et_block_column\">\n\t\t\t\t\n\t\t\t\t\n\t\t\t\t\n\t\t\t\t\n\t\t\t\t<div class=\"et_pb_module et_d4_element et_pb_text et_pb_text_3  et_pb_text_align_left et_pb_bg_layout_dark\">\n\t\t\t\t\n\t\t\t\t\n\t\t\t\t\n\t\t\t\t\n\t\t\t\t<div class=\"et_pb_text_inner\"><p><strong>Puhelin ja s\u00e4hk\u00f6posti<\/strong><\/p>\n<p>Puh. 0207107470<\/p>\n<p>info@yrityslahjakortti.com<\/p><\/div>\n\t\t\t<\/div>\n\t\t\t<\/div><div class=\"et_d4_element et_pb_column_1_4 et_pb_column et_pb_column_4  et_pb_css_mix_blend_mode et-last-child et_block_column\">\n\t\t\t\t\n\t\t\t\t\n\t\t\t\t\n\t\t\t\t\n\t\t\t\t<div class=\"et_pb_module et_d4_element et_pb_text et_pb_text_4  et_pb_text_align_left et_pb_bg_layout_dark\">\n\t\t\t\t\n\t\t\t\t\n\t\t\t\t\n\t\t\t\t\n\t\t\t\t<div class=\"et_pb_text_inner\"><p><strong>Palveluajat<\/strong><\/p>\n<p>Ma-Pe 9.00-16.30.<\/p><\/div>\n\t\t\t<\/div>\n\t\t\t<\/div>\n\t\t\t\t\n\t\t\t\t\n\t\t\t\t\n\t\t\t\t\n\t\t\t<\/div>\n\t\t\t\t\n\t\t\t\t\n\t\t\t<\/div><\/p>\n","protected":false},"excerpt":{"rendered":"","protected":false},"author":1,"featured_media":0,"parent":0,"menu_order":0,"comment_status":"closed","ping_status":"closed","template":"","meta":{"_et_pb_use_builder":"on","_et_pb_old_content":"","_et_gb_content_width":"","footnotes":""},"class_list":["post-721","page","type-page","status-publish","hentry"],"_links":{"self":[{"href":"https:\/\/www.yrityslahjakortti.com\/index.php\/wp-json\/wp\/v2\/pages\/721","targetHints":{"allow":["GET"]}}],"collection":[{"href":"https:\/\/www.yrityslahjakortti.com\/index.php\/wp-json\/wp\/v2\/pages"}],"about":[{"href":"https:\/\/www.yrityslahjakortti.com\/index.php\/wp-json\/wp\/v2\/types\/page"}],"author":[{"embeddable":true,"href":"https:\/\/www.yrityslahjakortti.com\/index.php\/wp-json\/wp\/v2\/users\/1"}],"replies":[{"embeddable":true,"href":"https:\/\/www.yrityslahjakortti.com\/index.php\/wp-json\/wp\/v2\/comments?post=721"}],"version-history":[{"count":23,"href":"https:\/\/www.yrityslahjakortti.com\/index.php\/wp-json\/wp\/v2\/pages\/721\/revisions"}],"predecessor-version":[{"id":1193,"href":"https:\/\/www.yrityslahjakortti.com\/index.php\/wp-json\/wp\/v2\/pages\/721\/revisions\/1193"}],"wp:attachment":[{"href":"https:\/\/www.yrityslahjakortti.com\/index.php\/wp-json\/wp\/v2\/media?parent=721"}],"curies":[{"name":"wp","href":"https:\/\/api.w.org\/{rel}","templated":true}]}}